{"id":847,"date":"2024-01-23T06:42:59","date_gmt":"2024-01-23T06:42:59","guid":{"rendered":"http:\/\/www.swanravintola.fi\/?page_id=847"},"modified":"2024-02-04T08:09:47","modified_gmt":"2024-02-04T08:09:47","slug":"swan-grill-house","status":"publish","type":"page","link":"https:\/\/www.swanravintola.fi\/index.php\/swan-grill-house\/","title":{"rendered":"Swan Grill House"},"content":{"rendered":"\n<figure class=\"wp-block-image size-full\"><img loading=\"lazy\" decoding=\"async\" width=\"2362\" height=\"925\" src=\"https:\/\/www.swanravintola.fi\/wp-content\/uploads\/2024\/02\/liekkialogoa-copy.jpg\" alt=\"\" class=\"wp-image-949\" srcset=\"https:\/\/www.swanravintola.fi\/wp-content\/uploads\/2024\/02\/liekkialogoa-copy.jpg 2362w, https:\/\/www.swanravintola.fi\/wp-content\/uploads\/2024\/02\/liekkialogoa-copy-300x117.jpg 300w, https:\/\/www.swanravintola.fi\/wp-content\/uploads\/2024\/02\/liekkialogoa-copy-1024x401.jpg 1024w, https:\/\/www.swanravintola.fi\/wp-content\/uploads\/2024\/02\/liekkialogoa-copy-768x301.jpg 768w, https:\/\/www.swanravintola.fi\/wp-content\/uploads\/2024\/02\/liekkialogoa-copy-1536x602.jpg 1536w, https:\/\/www.swanravintola.fi\/wp-content\/uploads\/2024\/02\/liekkialogoa-copy-2048x802.jpg 2048w\" sizes=\"(max-width: 2362px) 100vw, 2362px\" \/><\/figure>\n\n\n\n<p><strong>Avoinna ma-to 10.30 &#8211; 21.00<br>                       pe 10.30 &#8211; 22.00<br>                 la &#8211; su 11.00 &#8211; 22.00<\/strong><br><strong>Markkinatori 4, Joutseno<\/strong><br><strong>puh. 044 249 2147<\/strong><\/p>\n\n\n\n<figure class=\"wp-block-table\"><table><tbody><tr><td><strong>HAMPURILAISET<\/strong> <strong>PUUHIILIGRILLIST\u00c4<\/strong><\/td><td><\/td><\/tr><tr><td>1. <strong>Juusto burger <\/strong><br>180gr t\u00e4yslihapihvi, <br>cheddarjuustoa<\/td><td><strong>12,00<\/strong><\/td><\/tr><tr><td><strong>2.<\/strong> <strong>Diaplo burger  HOT<br><\/strong>180gr t\u00e4yslihapihvi, jalapenoa, <br>cheddarjuusto, diaplo kastiketta, ananasta<\/td><td><strong>14,00<\/strong><\/td><\/tr><tr><td><strong>3.<\/strong> <strong>Kana burger <\/strong><br>kana pihvi, cheddarjuusto, <br>mango kastiketta<\/td><td><strong>15,00<\/strong><\/td><\/tr><tr><td><strong>4. Talon burger <\/strong><br>Kaksi 180gr t\u00e4yslihapihvi\u00e4, <br>cheddarjuustoa, pekonia<\/td><td><strong>20,00<\/strong><\/td><\/tr><tr><td><strong>5.<\/strong> <strong>BBQ burger <\/strong><br>180gr t\u00e4yslihapihvi, pekonia, <br>cheddarjuustoa,&nbsp; BBQ kastiketta<\/td><td><strong>15,00<\/strong><\/td><\/tr><tr><td><strong>6.Halloumi burger <\/strong><br>180gr t\u00e4yslihapihvi, halloumijuustoa<\/td><td><strong>16,00<\/strong><\/td><\/tr><tr><td><strong>7.<\/strong> <strong>Hasso burger <\/strong><br>180gr t\u00e4yslihapihvi, kananmuna, <br>pekonia, aurajuustoa<\/td><td><strong>15,50<\/strong><\/td><\/tr><tr><td><strong>8.<\/strong> <strong>Angus burger <\/strong><br>200gr anguspihvi, pekonia, <br>cheddarjuustoa,&nbsp;paistettu punasipulia<\/td><td><strong>15,00<\/strong><\/td><\/tr><tr><td><strong>9.<\/strong> <strong>Miami burger <\/strong><br>180gr t\u00e4yslihapihvi, pepperonimakkaraa, &nbsp;<br>jalapenoa, diablo kastiketta<\/td><td><strong>15,00<\/strong><\/td><\/tr><tr><td><strong>10.Berlin burger <\/strong><br>180gr t\u00e4yslihapihvi, vuohenjuustoa<\/td><td><strong>16,00<\/strong><\/td><\/tr><tr><td>11. <strong>Rio burger <\/strong><br>180gr t\u00e4yslihapihvi, aurajuustoa, <br>ananasta, pepperonimakkara<strong>a<\/strong><\/td><td><strong>15,00<\/strong><\/td><\/tr><\/tbody><\/table><figcaption class=\"wp-element-caption\"><strong>&nbsp;Burger annoksiin sis\u00e4ltyy: <\/strong>salaattia, suolakurkkua, tomaattia, ranskalaiset ja yksi dippi<br><strong>Lis\u00e4t\u00e4ytteet 2 \u20ac\/ kpl: <\/strong>pekoni, cheddarjuusto, ananas, kananmuna, aurajuusto<br><strong>Bataattiranskalaiset tavallisten ranskalaisten tilalle 2\u20ac<\/strong><br><\/figcaption><\/figure>\n\n\n\n<figure class=\"wp-block-image size-large\"><img loading=\"lazy\" decoding=\"async\" width=\"1024\" height=\"771\" src=\"https:\/\/www.swanravintola.fi\/wp-content\/uploads\/2024\/02\/hamburger-1238246_1280-1024x771.jpg\" alt=\"\" class=\"wp-image-938\" srcset=\"https:\/\/www.swanravintola.fi\/wp-content\/uploads\/2024\/02\/hamburger-1238246_1280-1024x771.jpg 1024w, https:\/\/www.swanravintola.fi\/wp-content\/uploads\/2024\/02\/hamburger-1238246_1280-300x226.jpg 300w, https:\/\/www.swanravintola.fi\/wp-content\/uploads\/2024\/02\/hamburger-1238246_1280-768x578.jpg 768w, https:\/\/www.swanravintola.fi\/wp-content\/uploads\/2024\/02\/hamburger-1238246_1280.jpg 1280w\" sizes=\"(max-width: 1024px) 100vw, 1024px\" \/><\/figure>\n\n\n\n<figure class=\"wp-block-table\"><table><tbody><tr><td><strong>PIHVIT<\/strong> <strong>PUUHIILIGRILLIST\u00c4<\/strong><\/td><td><\/td><\/tr><tr><td><strong>Possun lehtipihvi <\/strong><\/td><td><strong>16,00<\/strong><\/td><\/tr><tr><td><strong>Possu pihvi <\/strong><\/td><td><strong>16,00<\/strong><\/td><\/tr><tr><td><strong>Kana pihvi <\/strong><\/td><td><strong>18,00<\/strong><\/td><\/tr><tr><td><strong>T\u00e4ysnaudanjauheliha pihvi <\/strong><\/td><td><strong>18,00<\/strong><\/td><\/tr><tr><td><strong>Naudan maksa <\/strong><\/td><td><strong>18,00<\/strong><\/td><\/tr><tr><td><strong>Kalkkunapihvi <\/strong><\/td><td><strong>19,00<\/strong><\/td><\/tr><tr><td><strong>Naudan lehtipihvi <\/strong><\/td><td><strong>20,00<\/strong><\/td><\/tr><tr><td><strong>Naudan grilli pihvi <\/strong><\/td><td><strong>20,00<\/strong><\/td><\/tr><tr><td><strong>Grillattu lohifile <\/strong><\/td><td><strong>19,50<\/strong><\/td><\/tr><\/tbody><\/table><figcaption class=\"wp-element-caption\"><strong>Lisukkeet:<\/strong> riisi, ranskalaiset, lohkoperunat, paistetut kasvikset, <br>bataatti ranskalaiset, perunamuusi, talon leip\u00e4<br><strong>Kastikeet<\/strong>: pippuri, bearnaise, herkkusieni<br><strong>Dipit:<\/strong> remoulade, mango, valkosipuli<br><strong>Pihviannoksiin kuuluu: <\/strong>paistetut kasvikset,<br>halutessasi voit valita kastikkeen<\/figcaption><\/figure>\n\n\n\n<figure class=\"wp-block-image size-large\"><img loading=\"lazy\" decoding=\"async\" width=\"1024\" height=\"641\" src=\"https:\/\/www.swanravintola.fi\/wp-content\/uploads\/2024\/02\/steak-2936531_1280-1024x641.jpg\" alt=\"\" class=\"wp-image-932\" srcset=\"https:\/\/www.swanravintola.fi\/wp-content\/uploads\/2024\/02\/steak-2936531_1280-1024x641.jpg 1024w, https:\/\/www.swanravintola.fi\/wp-content\/uploads\/2024\/02\/steak-2936531_1280-300x188.jpg 300w, https:\/\/www.swanravintola.fi\/wp-content\/uploads\/2024\/02\/steak-2936531_1280-768x481.jpg 768w, https:\/\/www.swanravintola.fi\/wp-content\/uploads\/2024\/02\/steak-2936531_1280.jpg 1280w\" sizes=\"(max-width: 1024px) 100vw, 1024px\" \/><\/figure>\n\n\n\n<figure class=\"wp-block-table\"><table><tbody><tr><td><strong>PASTAT<\/strong><\/td><td><\/td><\/tr><tr><td><strong>Kanapasta <\/strong><br>Kermaisessa pastakastikkeessa broileria,<br>ananasta ja aurajuustoa<\/td><td><strong>12,50<\/strong><\/td><\/tr><tr><td><strong>Lohipasta <\/strong><br>Kermaisessa pastakastikkeessa lohta,<br>katkarapua ja parmesania<\/td><td><strong>13,50<\/strong><\/td><\/tr><tr><td><strong>Jauhelihapasta <\/strong><br>Kermaisessa pastakastikkeessa jauhelihaa,<br>&nbsp;jalapenoa, paprikaa ja parmesania<\/td><td><strong>13,00<\/strong><\/td><\/tr><tr><td><strong>Isabella pasta <\/strong><br>Kermaisessa pastakastikkeessa kirsikkatomaatteja, <br>persiljaa, chili\u00e4, valkosipulia ja pestoa<\/td><td><strong>13,00<\/strong><\/td><\/tr><tr><td><strong>Savuporo pasta <\/strong><br>Kermaisessa pastakastikkeessa<br>savuporoa, punasipulia ja parmesania<\/td><td><strong>13,50<\/strong><\/td><\/tr><\/tbody><\/table><\/figure>\n\n\n\n<figure class=\"wp-block-image size-large\"><img loading=\"lazy\" decoding=\"async\" width=\"1024\" height=\"1024\" src=\"https:\/\/www.swanravintola.fi\/wp-content\/uploads\/2024\/02\/alfredo-8305773_1280-1024x1024.jpg\" alt=\"\" class=\"wp-image-935\" srcset=\"https:\/\/www.swanravintola.fi\/wp-content\/uploads\/2024\/02\/alfredo-8305773_1280-1024x1024.jpg 1024w, https:\/\/www.swanravintola.fi\/wp-content\/uploads\/2024\/02\/alfredo-8305773_1280-300x300.jpg 300w, https:\/\/www.swanravintola.fi\/wp-content\/uploads\/2024\/02\/alfredo-8305773_1280-150x150.jpg 150w, https:\/\/www.swanravintola.fi\/wp-content\/uploads\/2024\/02\/alfredo-8305773_1280-768x768.jpg 768w, https:\/\/www.swanravintola.fi\/wp-content\/uploads\/2024\/02\/alfredo-8305773_1280.jpg 1280w\" sizes=\"(max-width: 1024px) 100vw, 1024px\" \/><\/figure>\n\n\n\n<figure class=\"wp-block-table\"><table><tbody><tr><td><strong>PIZZAT<\/strong><\/td><td><\/td><\/tr><tr><td><strong>1.<\/strong> <strong>Signore <\/strong><br>kinkkua, salamia, <br>pekonia,&nbsp;bearnaisekastiketta<br><\/td><td><strong>12,50<\/strong><\/td><\/tr><tr><td><strong>2.<\/strong> <strong>Revontuli <\/strong><br>Pekonia, sipulia, savuporoa, aurajuustoa,<br>ananasta<\/td><td><strong>13,50<\/strong><\/td><\/tr><tr><td><strong>3.<\/strong> <strong>Mamma <\/strong> <strong>KASVIS<\/strong><br>Oliivia, sipulia, pestoa, <br>kirsikkatomaattia, salaattijuustoa<\/td><td><strong>13,00<\/strong><\/td><\/tr><tr><td><strong>4. Pappa <\/strong><br>Pepperonia, salamia, kinkkua,<br>aurinkokuivattua tomaattia<\/td><td><strong>12,50<\/strong><\/td><\/tr><tr><td><strong>5.<\/strong> <strong>Kos <\/strong><br>Salamia, aurajuustoa, parmesaania,<br>rucolaa, tuoreita herkkusieni\u00e4<\/td><td><strong>13,50<\/strong><\/td><\/tr><tr><td><strong>6.<\/strong> <strong>Verona <\/strong><br>Kanaa, sipulia, jalapenoa, <br>parmesaania,paholaisen hilloa<\/td><td><strong>14,00<\/strong><\/td><\/tr><tr><td><strong>7.<\/strong> <strong>Tijuana <\/strong> <strong>HOT<\/strong><br>Pepperonia, kanaa, sipulia, <br>jalapenoa, chilikastiketta<\/td><td><strong>13,50<\/strong><\/td><\/tr><tr><td><strong>8.<\/strong> <strong>Helmi <\/strong><br>Tonnikalaa, katkarapua, <br>simpukkaa, valkosipulia<\/td><td><strong>13,00<\/strong><\/td><\/tr><tr><td><strong>9.<\/strong> <strong>Aurora <\/strong><br>Tonnikalaa, pepperonia, <br>aurajuustoa, paprikaa<\/td><td><strong>13,00<\/strong><\/td><\/tr><tr><td><strong>10.<\/strong> <strong>Beef <\/strong><br>Salamia, pepperonia, kinkkua, <br>kanaa, pekonia, pippurikastiketta<\/td><td><strong>15,00<\/strong><\/td><\/tr><tr><td><strong>11.<\/strong> <strong>Swan grill pizza <\/strong><br>Ilmakuivattua kinkkua, pekonia, <br>oliivia, paprikaa, aurajuustoa<\/td><td><strong>16,00<\/strong><\/td><\/tr><tr><td><strong>12.<\/strong> <strong>Arin pizza <\/strong><br>Kanaa, halloumia, rucolaa, <br>paholaisen hilloa<\/td><td><strong>15,00<\/strong><\/td><\/tr><tr><td><strong>13. Sisilia KASVIS<\/strong><br>tuoreita herkkusieni\u00e4, paprikaa, <br>sipulia, rucolaa<\/td><td><strong>13,00<\/strong><\/td><\/tr><\/tbody><\/table><figcaption class=\"wp-element-caption\"><strong>Lis\u00e4t\u00e4ytteet 1,50 \u20ac\/ kpl: <\/strong>kinkku, salami, oliivi, sipuli, katkarapu, pekoni, ilmakuivattu kinkku, paprika, herkkusieni, tomaatti, rucola, tuore chili, ananas, tonnikala, barbeque kastike, aurajuusto, pepperoni, kirsikkatomaatti, kana, simpukka, mozzarella, parmesan, jalapeno, kananmuna, savuporo<strong><br>Pizzat my\u00f6s gluteiinittomana<\/strong><br><strong>Kaikkiin pizzoihin sis\u00e4ltyy: <\/strong>juusto, oregano, tomaattikastike ja halutessasi valkosipuli<\/figcaption><\/figure>\n\n\n\n<figure class=\"wp-block-image size-large\"><img loading=\"lazy\" decoding=\"async\" width=\"1024\" height=\"682\" src=\"https:\/\/www.swanravintola.fi\/wp-content\/uploads\/2024\/02\/pizza-1344720_1280-1024x682.jpg\" alt=\"\" class=\"wp-image-936\" srcset=\"https:\/\/www.swanravintola.fi\/wp-content\/uploads\/2024\/02\/pizza-1344720_1280-1024x682.jpg 1024w, https:\/\/www.swanravintola.fi\/wp-content\/uploads\/2024\/02\/pizza-1344720_1280-300x200.jpg 300w, https:\/\/www.swanravintola.fi\/wp-content\/uploads\/2024\/02\/pizza-1344720_1280-768x512.jpg 768w, https:\/\/www.swanravintola.fi\/wp-content\/uploads\/2024\/02\/pizza-1344720_1280-150x100.jpg 150w, https:\/\/www.swanravintola.fi\/wp-content\/uploads\/2024\/02\/pizza-1344720_1280-420x280.jpg 420w, https:\/\/www.swanravintola.fi\/wp-content\/uploads\/2024\/02\/pizza-1344720_1280.jpg 1280w\" sizes=\"(max-width: 1024px) 100vw, 1024px\" \/><\/figure>\n\n\n\n<figure class=\"wp-block-table\"><table><tbody><tr><td><strong>KORIT<\/strong><\/td><td><\/td><\/tr><tr><td><strong>Kananugettikori <br><\/strong>kananugetteja 8 kpl, <br>ranskalaiset, dippikastike<\/td><td><strong>10,00<\/strong><\/td><\/tr><tr><td><strong>Makkarakori <br><\/strong>Makkaraa, ranskalaiset, dippikastike<\/td><td><strong>10,50<\/strong><\/td><\/tr><tr><td><strong>Chicken wings <\/strong><br>kanan siipi\u00e4 12 kpl ja ranskalaiset<\/td><td><strong>12,00<\/strong><\/td><\/tr><tr><td><strong>Porukkamix <br><\/strong>Makkaraa, kananugetteja, <br>sipulirengas, ranskalaiset<\/td><td><strong>15,00<\/strong><\/td><\/tr><\/tbody><\/table><\/figure>\n\n\n\n<figure class=\"wp-block-image size-large\"><img loading=\"lazy\" decoding=\"async\" width=\"1024\" height=\"683\" src=\"https:\/\/www.swanravintola.fi\/wp-content\/uploads\/2024\/02\/chicken-1559548_1280-1024x683.jpg\" alt=\"\" class=\"wp-image-934\" srcset=\"https:\/\/www.swanravintola.fi\/wp-content\/uploads\/2024\/02\/chicken-1559548_1280-1024x683.jpg 1024w, https:\/\/www.swanravintola.fi\/wp-content\/uploads\/2024\/02\/chicken-1559548_1280-300x200.jpg 300w, https:\/\/www.swanravintola.fi\/wp-content\/uploads\/2024\/02\/chicken-1559548_1280-768x512.jpg 768w, https:\/\/www.swanravintola.fi\/wp-content\/uploads\/2024\/02\/chicken-1559548_1280-150x100.jpg 150w, https:\/\/www.swanravintola.fi\/wp-content\/uploads\/2024\/02\/chicken-1559548_1280-420x280.jpg 420w, https:\/\/www.swanravintola.fi\/wp-content\/uploads\/2024\/02\/chicken-1559548_1280.jpg 1280w\" sizes=\"(max-width: 1024px) 100vw, 1024px\" \/><\/figure>\n\n\n\n<figure class=\"wp-block-table\"><table><tbody><tr><td><strong>SALAATIT<\/strong><\/td><td><\/td><\/tr><tr><td><strong>Kreikkalainen salaatti <\/strong><br>Salaattijuustoa, paprikaa, <br>sipulia, kirsikkatomaattia<\/td><td><strong>12,00<\/strong><\/td><\/tr><tr><td><strong>Lohisalaatti <\/strong><br>Lohta, punasipulia, paprikaa<\/td><td><strong>14,00<\/strong><\/td><\/tr><tr><td><strong>Halloumisalaatti <\/strong><br>Halloumia, sipulia, <br>paholaisen hilloa, kirsikkatomaattia<\/td><td><strong>14,00<\/strong><\/td><\/tr><tr><td><strong>Swan grillisalaatti <\/strong><br>Grillattu kanaa, halloumia, <br>ananasta, sipulia<\/td><td><strong>15,00<\/strong><\/td><\/tr><tr><td><strong>Vuohenjuustosalaatti <\/strong><br>Vuohenjuustoa, kirsikkatomaattia, <br>punasipulia, rucolaa<\/td><td><strong>15,00<\/strong><\/td><\/tr><\/tbody><\/table><figcaption class=\"wp-element-caption\"><strong>Kaikkiin salaatteihin sis\u00e4ltyy:<\/strong> j\u00e4\u00e4vuorisalaatti, kurkku, tomaatti, salaattikastike, talon leip\u00e4, oliivi\u00f6ljy<br><strong>Salaattikastikkeet:<\/strong> mangokastike, valkosipulikastike, remouladedippi<\/figcaption><\/figure>\n\n\n\n<p><\/p>\n\n\n\n<figure class=\"wp-block-table\"><table><tbody><tr><td><strong>LAPSILLE<\/strong><\/td><td><\/td><\/tr><tr><td><strong>Lasten burger annos <br><\/strong>Pihvi, ketsuppi, cheddarjuusto, <br>ranskalaiset<\/td><td><strong>7,50<\/strong><\/td><\/tr><tr><td><strong>Lasten pizza <\/strong><br>Valinnan mukaan 1-2 t\u00e4ytett\u00e4<\/td><td><strong>8,00<\/strong><\/td><\/tr><tr><td><strong>Lasten kananugettikori <\/strong><br>Kananugetteja 6 kpl<\/td><td><strong>8,50<\/strong><\/td><\/tr><tr><td><strong>Lasten ranskalaiset <\/strong><\/td><td><strong>5,00<\/strong><\/td><\/tr><\/tbody><\/table><\/figure>\n\n\n\n<p><\/p>\n\n\n\n<figure class=\"wp-block-table\"><table><tbody><tr><td><strong>JUOMAT<\/strong><\/td><td><\/td><\/tr><tr><td><strong>Virvoitusjuomat 0,5 l <\/strong><\/td><td><strong>3,50<\/strong><\/td><\/tr><tr><td><strong>Virvoitusjuomat 1,5 l <\/strong><\/td><td><strong>6,00<\/strong><\/td><\/tr><tr><td><strong>Tripp mehu <\/strong><\/td><td><strong>1,50<\/strong><\/td><\/tr><tr><td><strong>Maito 0,5l <\/strong><\/td><td><strong>2,50<\/strong><\/td><\/tr><tr><td><strong>Kahvi tai tee <\/strong><\/td><td><strong>2,50<\/strong><\/td><\/tr><tr><td><strong>Olut 0,33 l <\/strong><\/td><td><strong>6,00<\/strong><\/td><\/tr><tr><td><strong>Olut 0,5 l <\/strong><\/td><td><strong>7,00<\/strong><\/td><\/tr><tr><td><strong>Siideri <\/strong><\/td><td><strong>7,00<\/strong><\/td><\/tr><tr><td><strong>Lonkero <\/strong><\/td><td><strong>7,00<\/strong><\/td><\/tr><tr><td><strong>Viini 25 cl <\/strong><br><\/td><td><strong>10,50<\/strong><\/td><\/tr><\/tbody><\/table><\/figure>\n","protected":false},"excerpt":{"rendered":"<p>Avoinna ma-to 10.30 &#8211; 21.00 pe 10.30 &#8211; 22.00 la &#8211; su 11.00 &#8211; 22.00Markkinatori 4, Joutsenopuh. 044 249 2147 HAMPURILAISET PUUHIILIGRILLIST\u00c4 1. Juusto burger 180gr t\u00e4yslihapihvi, cheddarjuustoa 12,00 2.&hellip;<\/p>\n","protected":false},"author":1,"featured_media":0,"parent":0,"menu_order":0,"comment_status":"closed","ping_status":"closed","template":"","meta":{"footnotes":""},"yoast_head":"<!-- This site is optimized with the Yoast SEO plugin v21.9.1 - https:\/\/yoast.com\/wordpress\/plugins\/seo\/ -->\n<title>Swan Grill House - Ravintola Swan<\/title>\n<meta name=\"robots\" content=\"index, follow, max-snippet:-1, max-image-preview:large, max-video-preview:-1\" \/>\n<link rel=\"canonical\" href=\"https:\/\/www.swanravintola.fi\/index.php\/swan-grill-house\/\" \/>\n<meta property=\"og:locale\" content=\"fi_FI\" \/>\n<meta property=\"og:type\" content=\"article\" \/>\n<meta property=\"og:title\" content=\"Swan Grill House - Ravintola Swan\" \/>\n<meta property=\"og:description\" content=\"Avoinna ma-to 10.30 &#8211; 21.00 pe 10.30 &#8211; 22.00 la &#8211; su 11.00 &#8211; 22.00Markkinatori 4, Joutsenopuh. 044 249 2147 HAMPURILAISET PUUHIILIGRILLIST\u00c4 1. Juusto burger 180gr t\u00e4yslihapihvi, cheddarjuustoa 12,00 2. [&hellip;]\" \/>\n<meta property=\"og:url\" content=\"https:\/\/www.swanravintola.fi\/index.php\/swan-grill-house\/\" \/>\n<meta property=\"og:site_name\" content=\"Ravintola Swan\" \/>\n<meta property=\"article:modified_time\" content=\"2024-02-04T08:09:47+00:00\" \/>\n<meta property=\"og:image\" content=\"https:\/\/www.swanravintola.fi\/wp-content\/uploads\/2024\/02\/liekkialogoa-copy.jpg\" \/>\n<meta name=\"twitter:card\" content=\"summary_large_image\" \/>\n<meta name=\"twitter:label1\" content=\"Arvioitu lukuaika\" \/>\n\t<meta name=\"twitter:data1\" content=\"5 minuuttia\" \/>\n<script type=\"application\/ld+json\" class=\"yoast-schema-graph\">{\"@context\":\"https:\/\/schema.org\",\"@graph\":[{\"@type\":\"WebPage\",\"@id\":\"https:\/\/www.swanravintola.fi\/index.php\/swan-grill-house\/\",\"url\":\"https:\/\/www.swanravintola.fi\/index.php\/swan-grill-house\/\",\"name\":\"Swan Grill House - Ravintola Swan\",\"isPartOf\":{\"@id\":\"https:\/\/www.swanravintola.fi\/#website\"},\"datePublished\":\"2024-01-23T06:42:59+00:00\",\"dateModified\":\"2024-02-04T08:09:47+00:00\",\"breadcrumb\":{\"@id\":\"https:\/\/www.swanravintola.fi\/index.php\/swan-grill-house\/#breadcrumb\"},\"inLanguage\":\"fi\",\"potentialAction\":[{\"@type\":\"ReadAction\",\"target\":[\"https:\/\/www.swanravintola.fi\/index.php\/swan-grill-house\/\"]}]},{\"@type\":\"BreadcrumbList\",\"@id\":\"https:\/\/www.swanravintola.fi\/index.php\/swan-grill-house\/#breadcrumb\",\"itemListElement\":[{\"@type\":\"ListItem\",\"position\":1,\"name\":\"Etusivu\",\"item\":\"https:\/\/www.swanravintola.fi\/\"},{\"@type\":\"ListItem\",\"position\":2,\"name\":\"Swan Grill House\"}]},{\"@type\":\"WebSite\",\"@id\":\"https:\/\/www.swanravintola.fi\/#website\",\"url\":\"https:\/\/www.swanravintola.fi\/\",\"name\":\"Ravintola Swan\",\"description\":\"\",\"publisher\":{\"@id\":\"https:\/\/www.swanravintola.fi\/#organization\"},\"potentialAction\":[{\"@type\":\"SearchAction\",\"target\":{\"@type\":\"EntryPoint\",\"urlTemplate\":\"https:\/\/www.swanravintola.fi\/?s={search_term_string}\"},\"query-input\":\"required name=search_term_string\"}],\"inLanguage\":\"fi\"},{\"@type\":\"Organization\",\"@id\":\"https:\/\/www.swanravintola.fi\/#organization\",\"name\":\"Ravintola Swan\",\"url\":\"https:\/\/www.swanravintola.fi\/\",\"logo\":{\"@type\":\"ImageObject\",\"inLanguage\":\"fi\",\"@id\":\"https:\/\/www.swanravintola.fi\/#\/schema\/logo\/image\/\",\"url\":\"https:\/\/www.swanravintola.fi\/wp-content\/uploads\/2024\/02\/cropped-Raflojenlogotmustallapohjalla.webp\",\"contentUrl\":\"https:\/\/www.swanravintola.fi\/wp-content\/uploads\/2024\/02\/cropped-Raflojenlogotmustallapohjalla.webp\",\"width\":938,\"height\":363,\"caption\":\"Ravintola Swan\"},\"image\":{\"@id\":\"https:\/\/www.swanravintola.fi\/#\/schema\/logo\/image\/\"}}]}<\/script>\n<!-- \/ Yoast SEO plugin. -->","yoast_head_json":{"title":"Swan Grill House - Ravintola Swan","robots":{"index":"index","follow":"follow","max-snippet":"max-snippet:-1","max-image-preview":"max-image-preview:large","max-video-preview":"max-video-preview:-1"},"canonical":"https:\/\/www.swanravintola.fi\/index.php\/swan-grill-house\/","og_locale":"fi_FI","og_type":"article","og_title":"Swan Grill House - Ravintola Swan","og_description":"Avoinna ma-to 10.30 &#8211; 21.00 pe 10.30 &#8211; 22.00 la &#8211; su 11.00 &#8211; 22.00Markkinatori 4, Joutsenopuh. 044 249 2147 HAMPURILAISET PUUHIILIGRILLIST\u00c4 1. Juusto burger 180gr t\u00e4yslihapihvi, cheddarjuustoa 12,00 2. [&hellip;]","og_url":"https:\/\/www.swanravintola.fi\/index.php\/swan-grill-house\/","og_site_name":"Ravintola Swan","article_modified_time":"2024-02-04T08:09:47+00:00","og_image":[{"url":"https:\/\/www.swanravintola.fi\/wp-content\/uploads\/2024\/02\/liekkialogoa-copy.jpg"}],"twitter_card":"summary_large_image","twitter_misc":{"Arvioitu lukuaika":"5 minuuttia"},"schema":{"@context":"https:\/\/schema.org","@graph":[{"@type":"WebPage","@id":"https:\/\/www.swanravintola.fi\/index.php\/swan-grill-house\/","url":"https:\/\/www.swanravintola.fi\/index.php\/swan-grill-house\/","name":"Swan Grill House - Ravintola Swan","isPartOf":{"@id":"https:\/\/www.swanravintola.fi\/#website"},"datePublished":"2024-01-23T06:42:59+00:00","dateModified":"2024-02-04T08:09:47+00:00","breadcrumb":{"@id":"https:\/\/www.swanravintola.fi\/index.php\/swan-grill-house\/#breadcrumb"},"inLanguage":"fi","potentialAction":[{"@type":"ReadAction","target":["https:\/\/www.swanravintola.fi\/index.php\/swan-grill-house\/"]}]},{"@type":"BreadcrumbList","@id":"https:\/\/www.swanravintola.fi\/index.php\/swan-grill-house\/#breadcrumb","itemListElement":[{"@type":"ListItem","position":1,"name":"Etusivu","item":"https:\/\/www.swanravintola.fi\/"},{"@type":"ListItem","position":2,"name":"Swan Grill House"}]},{"@type":"WebSite","@id":"https:\/\/www.swanravintola.fi\/#website","url":"https:\/\/www.swanravintola.fi\/","name":"Ravintola Swan","description":"","publisher":{"@id":"https:\/\/www.swanravintola.fi\/#organization"},"potentialAction":[{"@type":"SearchAction","target":{"@type":"EntryPoint","urlTemplate":"https:\/\/www.swanravintola.fi\/?s={search_term_string}"},"query-input":"required name=search_term_string"}],"inLanguage":"fi"},{"@type":"Organization","@id":"https:\/\/www.swanravintola.fi\/#organization","name":"Ravintola Swan","url":"https:\/\/www.swanravintola.fi\/","logo":{"@type":"ImageObject","inLanguage":"fi","@id":"https:\/\/www.swanravintola.fi\/#\/schema\/logo\/image\/","url":"https:\/\/www.swanravintola.fi\/wp-content\/uploads\/2024\/02\/cropped-Raflojenlogotmustallapohjalla.webp","contentUrl":"https:\/\/www.swanravintola.fi\/wp-content\/uploads\/2024\/02\/cropped-Raflojenlogotmustallapohjalla.webp","width":938,"height":363,"caption":"Ravintola Swan"},"image":{"@id":"https:\/\/www.swanravintola.fi\/#\/schema\/logo\/image\/"}}]}},"_links":{"self":[{"href":"https:\/\/www.swanravintola.fi\/index.php\/wp-json\/wp\/v2\/pages\/847"}],"collection":[{"href":"https:\/\/www.swanravintola.fi\/index.php\/wp-json\/wp\/v2\/pages"}],"about":[{"href":"https:\/\/www.swanravintola.fi\/index.php\/wp-json\/wp\/v2\/types\/page"}],"author":[{"embeddable":true,"href":"https:\/\/www.swanravintola.fi\/index.php\/wp-json\/wp\/v2\/users\/1"}],"replies":[{"embeddable":true,"href":"https:\/\/www.swanravintola.fi\/index.php\/wp-json\/wp\/v2\/comments?post=847"}],"version-history":[{"count":14,"href":"https:\/\/www.swanravintola.fi\/index.php\/wp-json\/wp\/v2\/pages\/847\/revisions"}],"predecessor-version":[{"id":950,"href":"https:\/\/www.swanravintola.fi\/index.php\/wp-json\/wp\/v2\/pages\/847\/revisions\/950"}],"wp:attachment":[{"href":"https:\/\/www.swanravintola.fi\/index.php\/wp-json\/wp\/v2\/media?parent=847"}],"curies":[{"name":"wp","href":"https:\/\/api.w.org\/{rel}","templated":true}]}}